{"id":10,"date":"2022-11-30T03:18:17","date_gmt":"2022-11-30T03:18:17","guid":{"rendered":"http:\/\/materialeslamisericordia.com.mx.previewc75.carrierzone.com\/?page_id=10"},"modified":"2022-12-01T19:05:51","modified_gmt":"2022-12-01T19:05:51","slug":"portafolio","status":"publish","type":"page","link":"http:\/\/materialeslamisericordia.com.mx.previewc75.carrierzone.com\/?page_id=10","title":{"rendered":"Servicios"},"content":{"rendered":"\n<div class=\"wp-block-cover alignfull\" style=\"min-height:300px;aspect-ratio:unset;\"><span aria-hidden=\"true\" class=\"wp-block-cover__background has-nv-site-bg-background-color has-background-dim-100 has-background-dim\"><\/span><div class=\"wp-block-cover__inner-container is-layout-flow wp-block-cover-is-layout-flow\">\n<div class=\"wp-block-group\"><div class=\"wp-block-group__inner-container is-layout-flow wp-block-group-is-layout-flow\">\n<h1 class=\"has-text-align-left has-neve-text-color-color has-text-color wp-block-heading\">Servicios<\/h1>\n<\/div><\/div>\n<\/div><\/div>\n\n\n\n<div class=\"wp-block-cover alignfull\" style=\"min-height:600px;aspect-ratio:unset;\"><span aria-hidden=\"true\" class=\"wp-block-cover__background has-nv-light-bg-background-color has-background-dim-100 has-background-dim\"><\/span><div class=\"wp-block-cover__inner-container is-layout-flow wp-block-cover-is-layout-flow\">\n<div class=\"wp-block-group\"><div class=\"wp-block-group__inner-container is-layout-flow wp-block-group-is-layout-flow\">\n<div style=\"height:80px\" aria-hidden=\"true\" class=\"wp-block-spacer\"><\/div>\n\n\n\n<div class=\"wp-block-columns are-vertically-aligned-top is-layout-flex wp-container-core-columns-is-layout-9d6595d7 wp-block-columns-is-layout-flex\">\n<div class=\"wp-block-column is-vertically-aligned-top is-layout-flow wp-block-column-is-layout-flow\" style=\"flex-basis:50%\">\n<p class=\"has-neve-text-color-color has-text-color has-background has-medium-font-size\" style=\"background-color:#ffff0000\">Remodelaci\u00f3n y reparaci\u00f3n de casas, pintura interior, renovaci\u00f3n, construcci\u00f3n comercial, cart\u00f3n de yeso, pisos personalizados y todo tipo de reparaciones.<\/p>\n\n\n\n<div class=\"wp-block-buttons is-content-justification-center is-layout-flex wp-container-core-buttons-is-layout-16018d1d wp-block-buttons-is-layout-flex\">\n<div class=\"wp-block-button is-style-primary\"><a class=\"wp-block-button__link has-nv-site-bg-color has-text-color has-background wp-element-button\" href=\"#\" style=\"background-color:#ff0000\">CONTACTO<\/a><\/div>\n<\/div>\n\n\n\n<div style=\"height:40px\" aria-hidden=\"true\" class=\"wp-block-spacer\"><\/div>\n<\/div>\n\n\n\n<div class=\"wp-block-column is-vertically-aligned-top is-layout-flow wp-block-column-is-layout-flow\" style=\"flex-basis:50%\">\n<figure class=\"wp-block-image size-large\"><img loading=\"lazy\" decoding=\"async\" width=\"1024\" height=\"731\" src=\"http:\/\/materialeslamisericordia.com.mx.previewc75.carrierzone.com\/wp-content\/uploads\/2022\/12\/7-1024x731.jpeg\" alt=\"\" class=\"wp-image-99\" srcset=\"http:\/\/materialeslamisericordia.com.mx.previewc75.carrierzone.com\/wp-content\/uploads\/2022\/12\/7-1024x731.jpeg 1024w, http:\/\/materialeslamisericordia.com.mx.previewc75.carrierzone.com\/wp-content\/uploads\/2022\/12\/7-300x214.jpeg 300w, http:\/\/materialeslamisericordia.com.mx.previewc75.carrierzone.com\/wp-content\/uploads\/2022\/12\/7-768x548.jpeg 768w, http:\/\/materialeslamisericordia.com.mx.previewc75.carrierzone.com\/wp-content\/uploads\/2022\/12\/7-1536x1097.jpeg 1536w, http:\/\/materialeslamisericordia.com.mx.previewc75.carrierzone.com\/wp-content\/uploads\/2022\/12\/7.jpeg 2048w\" sizes=\"auto, (max-width: 1024px) 100vw, 1024px\" \/><\/figure>\n\n\n\n<div class=\"wp-block-buttons is-content-justification-center is-layout-flex wp-container-core-buttons-is-layout-16018d1d wp-block-buttons-is-layout-flex\"><\/div>\n\n\n\n<div style=\"height:40px\" aria-hidden=\"true\" class=\"wp-block-spacer\"><\/div>\n<\/div>\n<\/div>\n\n\n\n<div style=\"height:40px\" aria-hidden=\"true\" class=\"wp-block-spacer\"><\/div>\n<\/div><\/div>\n<\/div><\/div>\n\n\n\n<figure class=\"wp-block-pullquote\"><blockquote><p>\u00bf<strong>POR QU\u00c9 ELEGIRNOS<\/strong>?<\/p><cite><br>\u00b7\u00a0\u00a0\u00a0\u00a0\u00a0\u00a0\u00a0Impulsado por la calidad y por el proceso<br>\u00b7\u00a0\u00a0\u00a0\u00a0\u00a0\u00a0\u00a0Servicio al cliente de primera calidad<br>\u00b7\u00a0\u00a0\u00a0\u00a0\u00a0\u00a0\u00a0Compa\u00f1\u00eda de propiedad local y operada por una familia<br>\u00b7\u00a0\u00a0\u00a0\u00a0\u00a0\u00a0\u00a0Presupuestos gratuitos<br>\u00b7\u00a0\u00a0\u00a0\u00a0\u00a0\u00a0\u00a0Amigable, experto y confiable<br>\u00b7\u00a0\u00a0\u00a0\u00a0\u00a0\u00a0\u00a0Materiales de alta calidad<br>\u00b7\u00a0\u00a0\u00a0\u00a0\u00a0\u00a0\u00a0Plazo de entrega r\u00e1pido<br>\u00b7\u00a0\u00a0\u00a0\u00a0\u00a0\u00a0\u00a0Tarifas razonables<br>\u00b7\u00a0\u00a0\u00a0\u00a0\u00a0\u00a0\u00a0Confiable y honesto<br>\u00a0<br><\/cite><\/blockquote><\/figure>\n","protected":false},"excerpt":{"rendered":"<p>\u00bfPOR QU\u00c9 ELEGIRNOS? \u00b7\u00a0\u00a0\u00a0\u00a0\u00a0\u00a0\u00a0Impulsado por la calidad y por el proceso\u00b7\u00a0\u00a0\u00a0\u00a0\u00a0\u00a0\u00a0Servicio al cliente de primera calidad\u00b7\u00a0\u00a0\u00a0\u00a0\u00a0\u00a0\u00a0Compa\u00f1\u00eda de propiedad local y operada por una familia\u00b7\u00a0\u00a0\u00a0\u00a0\u00a0\u00a0\u00a0Presupuestos gratuitos\u00b7\u00a0\u00a0\u00a0\u00a0\u00a0\u00a0\u00a0Amigable, experto y confiable\u00b7\u00a0\u00a0\u00a0\u00a0\u00a0\u00a0\u00a0Materiales de alta calidad\u00b7\u00a0\u00a0\u00a0\u00a0\u00a0\u00a0\u00a0Plazo de entrega r\u00e1pido\u00b7\u00a0\u00a0\u00a0\u00a0\u00a0\u00a0\u00a0Tarifas razonables\u00b7\u00a0\u00a0\u00a0\u00a0\u00a0\u00a0\u00a0Confiable y honesto\u00a0<\/p>\n","protected":false},"author":1,"featured_media":0,"parent":0,"menu_order":0,"comment_status":"closed","ping_status":"closed","template":"","meta":{"neve_meta_sidebar":"","neve_meta_container":"","neve_meta_enable_content_width":"on","neve_meta_content_width":100,"neve_meta_title_alignment":"","neve_meta_author_avatar":"","neve_post_elements_order":"","neve_meta_disable_header":"","neve_meta_disable_footer":"","neve_meta_disable_title":"on","footnotes":""},"class_list":["post-10","page","type-page","status-publish","hentry"],"_links":{"self":[{"href":"http:\/\/materialeslamisericordia.com.mx.previewc75.carrierzone.com\/index.php?rest_route=\/wp\/v2\/pages\/10","targetHints":{"allow":["GET"]}}],"collection":[{"href":"http:\/\/materialeslamisericordia.com.mx.previewc75.carrierzone.com\/index.php?rest_route=\/wp\/v2\/pages"}],"about":[{"href":"http:\/\/materialeslamisericordia.com.mx.previewc75.carrierzone.com\/index.php?rest_route=\/wp\/v2\/types\/page"}],"author":[{"embeddable":true,"href":"http:\/\/materialeslamisericordia.com.mx.previewc75.carrierzone.com\/index.php?rest_route=\/wp\/v2\/users\/1"}],"replies":[{"embeddable":true,"href":"http:\/\/materialeslamisericordia.com.mx.previewc75.carrierzone.com\/index.php?rest_route=%2Fwp%2Fv2%2Fcomments&post=10"}],"version-history":[{"count":5,"href":"http:\/\/materialeslamisericordia.com.mx.previewc75.carrierzone.com\/index.php?rest_route=\/wp\/v2\/pages\/10\/revisions"}],"predecessor-version":[{"id":153,"href":"http:\/\/materialeslamisericordia.com.mx.previewc75.carrierzone.com\/index.php?rest_route=\/wp\/v2\/pages\/10\/revisions\/153"}],"wp:attachment":[{"href":"http:\/\/materialeslamisericordia.com.mx.previewc75.carrierzone.com\/index.php?rest_route=%2Fwp%2Fv2%2Fmedia&parent=10"}],"curies":[{"name":"wp","href":"https:\/\/api.w.org\/{rel}","templated":true}]}}